{"id":961,"date":"2024-07-01T23:00:09","date_gmt":"2024-07-01T21:00:09","guid":{"rendered":"https:\/\/www.bw-uelzen.de\/?page_id=961"},"modified":"2025-11-29T18:57:51","modified_gmt":"2025-11-29T17:57:51","slug":"geschichte","status":"publish","type":"page","link":"https:\/\/www.bw-uelzen.de\/?page_id=961","title":{"rendered":"Geschichte"},"content":{"rendered":"\n<p>Tradition und Fortschritt bestimmen seit vielen Jahren das Leitbild des TC Blau-Wei\u00df Uelzen. Als \u00e4ltester Tennisverein der Stadt Uelzen und der ehemaligen NTV-Region \u201eL\u00fcneburger Heide\u201c, blickt der Verein auf eine bewegte Geschichte zur\u00fcck, die 1924 ihren Anfang nahm.<\/p>\n\n\n\n<p>Unsere Tennisanlage befindet sich seit 1980 im \u201eSportpark zum See\u201c, idyllisch gelegen zwischen dem Elbe-Seiten-Kanal und dem Erholungspark Oldenst\u00e4dter See. Hier bieten wir unseren \u00fcber 200 Mitgliedern, darunter etwa 60 Jugendlichen, acht Sandpl\u00e4tze, einen Multifunktions- und Beachtennisplatz, eine Trainingswand sowie ein gro\u00dfz\u00fcgiges Clubhaus mit Sonnenterrasse.<\/p>\n\n\n\n<p>Der TC Blau-Wei\u00df Uelzen unterst\u00fctzt sowohl den Breitensport als auch den leistungsorientierten Gedanken und legt besonderen Wert auf die Jugendarbeit. Zu den herausragenden Talenten, die bei uns ausgebildet wurden, geh\u00f6ren Jan Burfeind, 1990 Deutscher Jugendmeister mit einem 6:4 6:3 Endspielsieg gegen Thomas Haas, und Franziska Ballach, im gleichen Jahr Deutsche Jugendmeisterin im Doppel.<\/p>\n\n\n\n<p>Seit 2008 ist Mike Dressel, ein Eigengew\u00e4chs des Vereins, wieder bei uns als Trainer t\u00e4tig. Mike wurde in seiner Jugendzeit vom Verein und Kreis Uelzen ausgebildet. Nach einem Abstecher als Kreistrainer in Harburg-Land, Bezirkstrainer in Hannover, Betreuungen f\u00fcr den Verband und Coach auf der Junior TE- und ITF-Tour, kehrte er in seine alte Heimat Uelzen zur\u00fcck.<\/p>\n\n\n\n<p>Unsere Mannschaften nehmen am Punktspielbetrieb des TNB teil, von der Regionsklasse bis hin zur Oberliga. Der TC Blau-Wei\u00df Uelzen ist damit einer der mitgliederst\u00e4rksten und erfolgreichsten Tennisvereine im Landkreis Uelzen. Dar\u00fcber hinaus veranstalten wir viele regionale und \u00fcberregionale Turniere. Besonders erw\u00e4hnenswert sind die offiziellen und offenen Stadtmeisterschaften, die wir j\u00e4hrlich zusammen mit der Stadt Uelzen ausrichten und die weit \u00fcber 1000 Meldungen aus dem Landkreis, Niedersachsen und den unterschiedlichsten Landesverb\u00e4nden des DTB anziehen.<\/p>\n\n\n\n<p>Seit 2012 wird bei uns das besondere Turnier \u201eBeach-Tennis Uelzen Open\u201c ausgetragen, bei dem die Sieger im Damen- und Herrendoppel sowie im Mixed im Beach-Tennis ermittelt werden. Ab 2018 gibt es zus\u00e4tzlich in Kooperation mit dem TuS Oldenstadt ein Beach-Volleyball-Turnier.<\/p>\n\n\n\n<p>F\u00fcr unsere Clubmitglieder organisieren wir Clubmeisterschaften, Freizeitaktivit\u00e4ten und viele weitere Veranstaltungen. Die gemeinschaftliche und freundliche Atmosph\u00e4re, das gesellige Miteinander und die Offenheit gegen\u00fcber G\u00e4sten sind weitere wichtige Merkmale des TC Blau-Wei\u00df Uelzen. Unsere gro\u00dfz\u00fcgig angelegte Clubanlage z\u00e4hlt nach Aussage vieler G\u00e4ste zu den sch\u00f6nsten Norddeutschlands. Ein besonderes Highlight ist das einmalige Kunstwerk im Clubhaus im Stil von Friedensreich Hundertwasser, ein etwa 4 x 2,5 Meter gro\u00dfes Wandrelief aus original Hundertwasser-Mosaiken, das viele Geschichten zum Tennissport, zum Verein, zum Stadtteil Oldenstadt und zur Stadt Uelzen erz\u00e4hlt.<\/p>\n\n\n\n<p>Am 29. April 2012 fand nach aufwendiger Grundsanierung aller Tennispl\u00e4tze die Wiederer\u00f6ffnung unserer Tennisanlage statt. Viele Ehreng\u00e4ste, darunter der B\u00fcrgermeister der Stadt Uelzen Otto Lukat, der Pr\u00e4sident des LSB Niedersachsen Prof. Wolf-R\u00fcdiger Umbach und der Vorsitzende des KSB Uelzen J\u00fcrgen W\u00f6hling, fanden den Weg auf unsere Anlage. Zu einem unterhaltsamen Show-Match traten Anders Jarryd, ehemalige Nr. 5 der ATP-Weltrangliste, 2-facher Davis-Cup Sieger und Titeltr\u00e4ger aller 4 Grand-Slam Turniere im Doppel, gegen Norbert Henn, amtierende Nr. 1 der ITF-Weltrangliste Herren 50 und mehrfacher Europameister, an.<\/p>\n\n\n\n<p>Mit diesem stolzen Erbe blicken wir voller Vorfreude auf unser 100-j\u00e4hriges Jubil\u00e4um im kommenden Jahr. Wir danken schon jetzt unseren Sponsoren und allen, die uns auf diesem Weg begleiten. Bleibt gespannt auf weitere Informationen und Neuigkeiten rund um unsere gro\u00dfe Feier!<\/p>\n\n\n\n<figure class=\"wp-block-image size-large\"><img decoding=\"async\" src=\"https:\/\/www.bw-uelzen.de\/wp-content\/uploads\/2024\/07\/61334033-6b42-4645-9892-beb7d2ad87c8-edited.jpeg\" alt=\"\" class=\"wp-image-963\"\/><\/figure>\n\n\n\n<figure class=\"wp-block-image size-large\"><img fetchpriority=\"high\" decoding=\"async\" width=\"1024\" height=\"576\" src=\"https:\/\/www.bw-uelzen.de\/wp-content\/uploads\/2024\/07\/75Jahre-Jubilaeum--1024x576.jpg\" alt=\"\" class=\"wp-image-964\" srcset=\"https:\/\/www.bw-uelzen.de\/wp-content\/uploads\/2024\/07\/75Jahre-Jubilaeum--1024x576.jpg 1024w, https:\/\/www.bw-uelzen.de\/wp-content\/uploads\/2024\/07\/75Jahre-Jubilaeum--300x169.jpg 300w, https:\/\/www.bw-uelzen.de\/wp-content\/uploads\/2024\/07\/75Jahre-Jubilaeum--768x432.jpg 768w, https:\/\/www.bw-uelzen.de\/wp-content\/uploads\/2024\/07\/75Jahre-Jubilaeum--1536x864.jpg 1536w, https:\/\/www.bw-uelzen.de\/wp-content\/uploads\/2024\/07\/75Jahre-Jubilaeum-.jpg 1920w\" sizes=\"(max-width: 1024px) 100vw, 1024px\" \/><\/figure>\n\n\n\n<p><\/p>\n\n\n\n<p><strong>Bericht aus der AZ vom 12.09.2024<\/strong><\/p>\n\n\n\n<figure class=\"wp-block-gallery has-nested-images columns-default is-cropped wp-block-gallery-1 is-layout-flex wp-block-gallery-is-layout-flex\">\n<figure class=\"wp-block-image size-large\"><img decoding=\"async\" width=\"912\" height=\"1024\" data-id=\"1360\" src=\"https:\/\/www.bw-uelzen.de\/wp-content\/uploads\/2025\/11\/Festakt-912x1024.jpg\" alt=\"\" class=\"wp-image-1360\" srcset=\"https:\/\/www.bw-uelzen.de\/wp-content\/uploads\/2025\/11\/Festakt-912x1024.jpg 912w, https:\/\/www.bw-uelzen.de\/wp-content\/uploads\/2025\/11\/Festakt-267x300.jpg 267w, https:\/\/www.bw-uelzen.de\/wp-content\/uploads\/2025\/11\/Festakt-768x863.jpg 768w, https:\/\/www.bw-uelzen.de\/wp-content\/uploads\/2025\/11\/Festakt.jpg 1079w\" sizes=\"(max-width: 912px) 100vw, 912px\" \/><\/figure>\n<\/figure>\n","protected":false},"excerpt":{"rendered":"<p>Tradition und Fortschritt bestimmen seit vielen Jahren das Leitbild des TC Blau-Wei\u00df Uelzen. Als \u00e4ltester Tennisverein der Stadt Uelzen und der ehemaligen NTV-Region \u201eL\u00fcneburger Heide\u201c, blickt der Verein auf eine bewegte Geschichte zur\u00fcck, die 1924 ihren Anfang nahm. Unsere Tennisanlage befindet sich seit 1980 im \u201eSportpark zum See\u201c, idyllisch gelegen zwischen dem Elbe-Seiten-Kanal und dem Erholungspark Oldenst\u00e4dter See. Hier bieten<\/p>\n","protected":false},"author":5,"featured_media":0,"parent":0,"menu_order":0,"comment_status":"closed","ping_status":"closed","template":"","meta":{"passster_activate_protection":false,"passster_protect_child_pages":"","passster_protection_type":"password","passster_password":"","passster_activate_overwrite_defaults":"","passster_headline":"","passster_instruction":"","passster_placeholder":"","passster_button":"","passster_id":"","passster_activate_misc_settings":"","passster_redirect_url":"","passster_hide":"no","passster_area_shortcode":"","_monsterinsights_skip_tracking":false,"_monsterinsights_sitenote_active":false,"_monsterinsights_sitenote_note":"","_monsterinsights_sitenote_category":0,"footnotes":""},"class_list":["post-961","page","type-page","status-publish","hentry"],"_links":{"self":[{"href":"https:\/\/www.bw-uelzen.de\/index.php?rest_route=\/wp\/v2\/pages\/961","targetHints":{"allow":["GET"]}}],"collection":[{"href":"https:\/\/www.bw-uelzen.de\/index.php?rest_route=\/wp\/v2\/pages"}],"about":[{"href":"https:\/\/www.bw-uelzen.de\/index.php?rest_route=\/wp\/v2\/types\/page"}],"author":[{"embeddable":true,"href":"https:\/\/www.bw-uelzen.de\/index.php?rest_route=\/wp\/v2\/users\/5"}],"replies":[{"embeddable":true,"href":"https:\/\/www.bw-uelzen.de\/index.php?rest_route=%2Fwp%2Fv2%2Fcomments&post=961"}],"version-history":[{"count":2,"href":"https:\/\/www.bw-uelzen.de\/index.php?rest_route=\/wp\/v2\/pages\/961\/revisions"}],"predecessor-version":[{"id":1361,"href":"https:\/\/www.bw-uelzen.de\/index.php?rest_route=\/wp\/v2\/pages\/961\/revisions\/1361"}],"wp:attachment":[{"href":"https:\/\/www.bw-uelzen.de\/index.php?rest_route=%2Fwp%2Fv2%2Fmedia&parent=961"}],"curies":[{"name":"wp","href":"https:\/\/api.w.org\/{rel}","templated":true}]}}