{"id":73,"date":"2021-05-16T13:37:38","date_gmt":"2021-05-16T11:37:38","guid":{"rendered":"https:\/\/tcbwuelzen.wordpress.com\/?page_id=73"},"modified":"2024-05-31T10:45:46","modified_gmt":"2024-05-31T08:45:46","slug":"spielbetrieb","status":"publish","type":"page","link":"https:\/\/www.bw-uelzen.de\/?page_id=73","title":{"rendered":"Spielbetrieb"},"content":{"rendered":"\n<p>Unser Verein bietet eine Vielzahl von Aktivit\u00e4ten und Programmen rund um den Tennissport an. Hier findet Ihr alle wichtigen Informationen zu unseren gemeldeten Mannschaften, den speziellen Trainingsprogrammen sowie den Turnieren, die wir organisieren und an denen wir teilnehmen.<\/p>\n\n\n\n<p><strong>Unterseiten des Spielbetriebs:<\/strong><\/p>\n\n\n\n<ul class=\"wp-block-list\">\n<li><strong><a href=\"https:\/\/www.bw-uelzen.de\/?page_id=75\" data-type=\"page\" data-id=\"75\">Gemeldete Mannschaften<\/a><\/strong>:<br>Hier findet Ihr eine \u00dcbersicht unserer Mannschaften, die an verschiedenen Ligen und Wettbewerben teilnehmen. Erfahrt mehr \u00fcber unsere Teams, deren Spielpl\u00e4ne und Ergebnisse.<\/li>\n\n\n\n<li><strong><a href=\"https:\/\/www.bw-uelzen.de\/?page_id=658\" data-type=\"page\" data-id=\"658\">Fast Learning<\/a><\/strong>:<br>Ein spezielles Programm f\u00fcr Einsteiger und Wiedereinsteiger, das Euch in k\u00fcrzester Zeit das Tennisspielen n\u00e4her bringt. Hier k\u00f6nnt Ihr mehr \u00fcber die Kursangebote und Anmeldem\u00f6glichkeiten erfahren.<\/li>\n\n\n\n<li><strong><a href=\"https:\/\/www.bw-uelzen.de\/?page_id=464\" data-type=\"page\" data-id=\"464\">Motion on Court<\/a><\/strong>:<br>Dieses innovative Trainingskonzept kombiniert Tennis mit Fitnesselementen. Erlebt ein ganzheitliches Workout auf dem Tennisplatz und verbessert gleichzeitig Eure Tennisf\u00e4higkeiten und k\u00f6rperliche Fitness.<\/li>\n\n\n\n<li><strong><a href=\"https:\/\/www.bw-uelzen.de\/?page_id=136\" data-type=\"page\" data-id=\"136\">Uelzen Tennis Open<\/a><\/strong>:<br>Unser j\u00e4hrliches Tennisturnier zieht Spieler aus der Region und dar\u00fcber hinaus an. Hier erfahrt Ihr alles \u00fcber die Turniertermine, Anmeldungen und Ergebnisse vergangener Jahre.<\/li>\n\n\n\n<li><strong><a href=\"https:\/\/www.bw-uelzen.de\/?page_id=143\" data-type=\"page\" data-id=\"143\">Beach Tennis Open<\/a><\/strong>:<br>Das j\u00e4hrliche Beach Tennis Turnier ist ein Highlight in unserem Veranstaltungskalender. Informiert Euch \u00fcber die Regeln, Teilnahmebedingungen und die besondere Atmosph\u00e4re dieses Events.<\/li>\n<\/ul>\n\n\n\n<p>Besucht die jeweiligen Unterseiten f\u00fcr detaillierte Informationen zu jedem Bereich und bleibt auf dem Laufenden \u00fcber unseren Spielbetrieb. Wir freuen uns auf Eure Teilnahme und Unterst\u00fctzung!<\/p>\n","protected":false},"excerpt":{"rendered":"<p>Unser Verein bietet eine Vielzahl von Aktivit\u00e4ten und Programmen rund um den Tennissport an. Hier findet Ihr alle wichtigen Informationen zu unseren gemeldeten Mannschaften, den speziellen Trainingsprogrammen sowie den Turnieren, die wir organisieren und an denen wir teilnehmen. Unterseiten des Spielbetriebs: Besucht die jeweiligen Unterseiten f\u00fcr detaillierte Informationen zu jedem Bereich und bleibt auf dem Laufenden \u00fcber unseren Spielbetrieb. Wir<\/p>\n","protected":false},"author":1,"featured_media":0,"parent":0,"menu_order":0,"comment_status":"closed","ping_status":"closed","template":"","meta":{"passster_activate_protection":false,"passster_protect_child_pages":"","passster_protection_type":"password","passster_password":"","passster_activate_overwrite_defaults":"","passster_headline":"","passster_instruction":"","passster_placeholder":"","passster_button":"","passster_id":"","passster_activate_misc_settings":"","passster_redirect_url":"","passster_hide":"no","passster_area_shortcode":"","_monsterinsights_skip_tracking":false,"_monsterinsights_sitenote_active":false,"_monsterinsights_sitenote_note":"","_monsterinsights_sitenote_category":0,"footnotes":""},"class_list":["post-73","page","type-page","status-publish","hentry"],"_links":{"self":[{"href":"https:\/\/www.bw-uelzen.de\/index.php?rest_route=\/wp\/v2\/pages\/73","targetHints":{"allow":["GET"]}}],"collection":[{"href":"https:\/\/www.bw-uelzen.de\/index.php?rest_route=\/wp\/v2\/pages"}],"about":[{"href":"https:\/\/www.bw-uelzen.de\/index.php?rest_route=\/wp\/v2\/types\/page"}],"author":[{"embeddable":true,"href":"https:\/\/www.bw-uelzen.de\/index.php?rest_route=\/wp\/v2\/users\/1"}],"replies":[{"embeddable":true,"href":"https:\/\/www.bw-uelzen.de\/index.php?rest_route=%2Fwp%2Fv2%2Fcomments&post=73"}],"version-history":[{"count":4,"href":"https:\/\/www.bw-uelzen.de\/index.php?rest_route=\/wp\/v2\/pages\/73\/revisions"}],"predecessor-version":[{"id":895,"href":"https:\/\/www.bw-uelzen.de\/index.php?rest_route=\/wp\/v2\/pages\/73\/revisions\/895"}],"wp:attachment":[{"href":"https:\/\/www.bw-uelzen.de\/index.php?rest_route=%2Fwp%2Fv2%2Fmedia&parent=73"}],"curies":[{"name":"wp","href":"https:\/\/api.w.org\/{rel}","templated":true}]}}