{"id":639,"date":"2023-03-20T13:53:44","date_gmt":"2023-03-20T12:53:44","guid":{"rendered":"https:\/\/www.bw-uelzen.de\/?page_id=639"},"modified":"2023-03-20T13:53:44","modified_gmt":"2023-03-20T12:53:44","slug":"muki-tennis-mutter-kind-tennis","status":"publish","type":"page","link":"https:\/\/www.bw-uelzen.de\/?page_id=639","title":{"rendered":"MuKi-Tennis (Mutter Kind-Tennis)"},"content":{"rendered":"\n<figure class=\"wp-block-image size-large\"><img fetchpriority=\"high\" decoding=\"async\" width=\"1024\" height=\"697\" src=\"https:\/\/www.bw-uelzen.de\/wp-content\/uploads\/2023\/03\/mukineu-1024x697.jpg\" alt=\"\" class=\"wp-image-640\" srcset=\"https:\/\/www.bw-uelzen.de\/wp-content\/uploads\/2023\/03\/mukineu-1024x697.jpg 1024w, https:\/\/www.bw-uelzen.de\/wp-content\/uploads\/2023\/03\/mukineu-300x204.jpg 300w, https:\/\/www.bw-uelzen.de\/wp-content\/uploads\/2023\/03\/mukineu-768x522.jpg 768w, https:\/\/www.bw-uelzen.de\/wp-content\/uploads\/2023\/03\/mukineu-90x60.jpg 90w, https:\/\/www.bw-uelzen.de\/wp-content\/uploads\/2023\/03\/mukineu.jpg 1029w\" sizes=\"(max-width: 1024px) 100vw, 1024px\" \/><\/figure>\n\n\n\n<p>Nat\u00fcrlich sind auch V\u00e4ter oder Gro\u00dfeltern gern gesehen bei der Stunde, die die jungen Spieler phantasievoll an das Tennisspiel heranf\u00fchrt. <\/p>\n\n\n\n<p>Aktuell Mittwochs 17 Uhr parallel zur Ballschule<\/p>\n\n\n\n<p><\/p>\n","protected":false},"excerpt":{"rendered":"<p>Nat\u00fcrlich sind auch V\u00e4ter oder Gro\u00dfeltern gern gesehen bei der Stunde, die die jungen Spieler phantasievoll an das Tennisspiel heranf\u00fchrt. Aktuell Mittwochs 17 Uhr parallel zur Ballschule<\/p>\n","protected":false},"author":1,"featured_media":0,"parent":0,"menu_order":0,"comment_status":"closed","ping_status":"closed","template":"","meta":{"passster_activate_protection":null,"passster_protect_child_pages":"","passster_protection_type":"password","passster_password":"","passster_activate_overwrite_defaults":"","passster_headline":"","passster_instruction":"","passster_placeholder":"","passster_button":"","passster_id":"","passster_activate_misc_settings":"","passster_redirect_url":"","passster_hide":"no","passster_area_shortcode":"","_monsterinsights_skip_tracking":false,"_monsterinsights_sitenote_active":false,"_monsterinsights_sitenote_note":"","_monsterinsights_sitenote_category":0,"footnotes":""},"class_list":["post-639","page","type-page","status-publish","hentry"],"_links":{"self":[{"href":"https:\/\/www.bw-uelzen.de\/index.php?rest_route=\/wp\/v2\/pages\/639","targetHints":{"allow":["GET"]}}],"collection":[{"href":"https:\/\/www.bw-uelzen.de\/index.php?rest_route=\/wp\/v2\/pages"}],"about":[{"href":"https:\/\/www.bw-uelzen.de\/index.php?rest_route=\/wp\/v2\/types\/page"}],"author":[{"embeddable":true,"href":"https:\/\/www.bw-uelzen.de\/index.php?rest_route=\/wp\/v2\/users\/1"}],"replies":[{"embeddable":true,"href":"https:\/\/www.bw-uelzen.de\/index.php?rest_route=%2Fwp%2Fv2%2Fcomments&post=639"}],"version-history":[{"count":1,"href":"https:\/\/www.bw-uelzen.de\/index.php?rest_route=\/wp\/v2\/pages\/639\/revisions"}],"predecessor-version":[{"id":641,"href":"https:\/\/www.bw-uelzen.de\/index.php?rest_route=\/wp\/v2\/pages\/639\/revisions\/641"}],"wp:attachment":[{"href":"https:\/\/www.bw-uelzen.de\/index.php?rest_route=%2Fwp%2Fv2%2Fmedia&parent=639"}],"curies":[{"name":"wp","href":"https:\/\/api.w.org\/{rel}","templated":true}]}}