{"id":61,"date":"2021-05-16T13:20:47","date_gmt":"2021-05-16T11:20:47","guid":{"rendered":"https:\/\/tcbwuelzen.wordpress.com\/?page_id=61"},"modified":"2025-05-03T10:12:34","modified_gmt":"2025-05-03T08:12:34","slug":"mitglied-werden","status":"publish","type":"page","link":"https:\/\/www.bw-uelzen.de\/?page_id=61","title":{"rendered":"Mitglied werden"},"content":{"rendered":"\n<figure class=\"wp-block-table\"><table><tbody><tr><td>Haben Sie Lust auf Tennis in angenehmer Atmosph\u00e4re beim TC Blau-Wei\u00df Uelzen e.V. bekommen?<br><br>Wir w\u00fcrden uns freuen, Sie als Mitglied begr\u00fc\u00dfen zu d\u00fcrfen!<br>Es wird keine Aufnahmegeb\u00fchr erhoben!<br><br>Die Beitrittserkl\u00e4rung kann online ausgef\u00fcllt oder unterschrieben bei dem Vorstand des Vereins abgegeben werden.<br>Achten Sie bitte darauf, dass eine g\u00fcltige Bankverbindung und Mail-Adresse angegeben sind. <br>Dies erleichtert uns die Bearbeitung &#8211; daf\u00fcr vielen Dank im voraus!<br><\/td><\/tr><\/tbody><\/table><\/figure>\n\n\n\n<figure class=\"wp-block-table is-style-stripes\"><table><thead><tr><th class=\"has-text-align-left\" data-align=\"left\">Mitglieder &#8211; Jahresbeitrag ab 2025:<\/th><th>Jahresbeitrag<\/th><\/tr><\/thead><tbody><tr><th class=\"has-text-align-left\" data-align=\"left\">Kinder\/Jugendliche bis zum vollendeten 18. LJ:<\/th><td>   70,00 Euro<\/td><\/tr><tr><td class=\"has-text-align-left\" data-align=\"left\"><strong>Sch\u00fcler\/Auszubildende\/Studenten bis zum vollendeten 25. LJ*:<\/strong><\/td><td>   70,00 Euro<\/td><\/tr><tr><td class=\"has-text-align-left\" data-align=\"left\"><strong>Studenten (duales Studium) bis zum vollendeten 25. LJ*:<\/strong><\/td><td>150,00 Euro<\/td><\/tr><tr><th class=\"has-text-align-left\" data-align=\"left\">Erwachsene &#8222;aktiv&#8220;:<\/th><td>210,00 Euro<\/td><\/tr><tr><td class=\"has-text-align-left\" data-align=\"left\"><strong>Erwachsene &#8222;passiv&#8220;:<\/strong> <\/td><td>   45,00 Euro<\/td><\/tr><tr><th class=\"has-text-align-left\" data-align=\"left\">Ehepaar\/ehe\u00e4hnliche Partnerschaft &#8222;aktiv&#8220;<\/th><td>356,00 Euro<\/td><\/tr><tr><td class=\"has-text-align-left\" data-align=\"left\"><strong>Ehepaare\/ehe\u00e4hnliche Partnerschaft &#8222;passiv&#8220;:<\/strong><\/td><td>   75,00 Euro<\/td><\/tr><tr><th class=\"has-text-align-left\" data-align=\"left\">Familien mit Kindern bis zum vollendeten 18. LJ ( alle Kinder )<\/th><td>385,00 Euro<\/td><\/tr><tr><th class=\"has-text-align-left\" data-align=\"left\">Erwachsener mit Kindern bis zum vollendeten 18. LJ (alle Kinder)<\/th><td>265,00 Euro<\/td><\/tr><\/tbody><tfoot><tr><td class=\"has-text-align-left\" data-align=\"left\">Stand: Januar 2025<\/td><\/tr><\/tfoot><\/table><\/figure>\n\n\n\n<div class=\"wp-block-buttons is-layout-flex wp-block-buttons-is-layout-flex\">\n<div class=\"wp-block-button\"><a class=\"wp-block-button__link wp-element-button\" href=\"https:\/\/www.bw-uelzen.de\/wp-content\/uploads\/2025\/05\/Beitrittserklaerung-2025.pdf\" target=\"_blank\" rel=\"noreferrer noopener\">Beitrittserkl\u00e4rung<\/a><\/div>\n<\/div>\n\n\n\n<figure class=\"wp-block-table\"><table><tbody><tr><td>*<em> bei j\u00e4hrlicher Vorlage einer entsprechenden Bescheinigung \/ Erkl\u00e4rung bis zum 31.01.<\/em><br><br>Im Eintrittsjahr (nicht Wiedereintritt ) zahlen Neu \u2013 Mitglieder nur die H\u00e4lfte der zuvor genannten Beitr\u00e4ge.<br>Ab dem 2. Mitgliedsjahr gelten die ausgewiesenen regul\u00e4ren Beitr\u00e4ge.<br>Im Mitgliedsbeitrag sind die Sportversicherung des Landessportbundes Niedersachsen sowie der Pflichtbeitrag an die \u00fcbergeordneten Verb\u00e4nde enthalten.<br>Gastspieler, f\u00fcr die die jeweils aktuelle Gastspielordnung G\u00fcltigkeit hat, zahlen entsprechend der jeweils g\u00fcltigen Gastspielordnung. <br>Diese kann hier eingesehen werden: Download der Gastspielordnung<br><br><strong>Arbeitsstunden:<\/strong><br>Jedes aktive Mitglied ab 16 Jahren leistet 3 Arbeitsstunden.<br>Jedes aktive Mitglied ab 18 Jahren leistet 6 Arbeitsstunden.<br>Mitglieder ab 75 Jahren (Stichtag ist der 01.01. eines Kalenderjahres) sind vom Arbeitseinsatz befreit. <br>Als Arbeitsstunden werden anerkannt:<br>&#8211; Instandhaltungsarbeiten an Geb\u00e4uden und Einrichtungen<br>&#8211; Arbeiten bei baulichen Ver\u00e4nderungen<br>&#8211; Pflege der Sporteinrichtungen und der Au\u00dfenanlage<br>&#8211; Arbeiten, die in Verbindung mit Vereinsveranstaltungen anfallen. <br>F\u00fcr 2 Helferstunden wird 1 Arbeitsstunde verrechnet. <br>Ersatzweise f\u00fcr jede nicht erbrachte Arbeitsstunde 20,00 \u20ac (Erwachsene).<br><strong>Abrechnung der Arbeitsstunden:<\/strong><br>Die Abrechnung nicht geleisteter Arbeitsstunden erfolgt nach dem Abschluss der Freizeitluftsaison mit Stichtag 01.November des laufenden Jahres. Die Beitr\u00e4ge werden im Bankeinzugsverfahren eingezogen. <br><br>Uelzen, Januar 2025<\/td><\/tr><\/tbody><\/table><\/figure>\n","protected":false},"excerpt":{"rendered":"<p>Haben Sie Lust auf Tennis in angenehmer Atmosph\u00e4re beim TC Blau-Wei\u00df Uelzen e.V. bekommen? Wir w\u00fcrden uns freuen, Sie als Mitglied begr\u00fc\u00dfen zu d\u00fcrfen!Es wird keine Aufnahmegeb\u00fchr erhoben! Die Beitrittserkl\u00e4rung kann online ausgef\u00fcllt oder unterschrieben bei dem Vorstand des Vereins abgegeben werden.Achten Sie bitte darauf, dass eine g\u00fcltige Bankverbindung und Mail-Adresse angegeben sind. Dies erleichtert uns die Bearbeitung &#8211; daf\u00fcr<\/p>\n","protected":false},"author":1,"featured_media":0,"parent":0,"menu_order":0,"comment_status":"closed","ping_status":"closed","template":"","meta":{"passster_activate_protection":null,"passster_protect_child_pages":"","passster_protection_type":"password","passster_password":"","passster_activate_overwrite_defaults":"","passster_headline":"","passster_instruction":"","passster_placeholder":"","passster_button":"","passster_id":"","passster_activate_misc_settings":"","passster_redirect_url":"","passster_hide":"no","passster_area_shortcode":"","_monsterinsights_skip_tracking":false,"_monsterinsights_sitenote_active":false,"_monsterinsights_sitenote_note":"","_monsterinsights_sitenote_category":0,"footnotes":""},"class_list":["post-61","page","type-page","status-publish","hentry"],"_links":{"self":[{"href":"https:\/\/www.bw-uelzen.de\/index.php?rest_route=\/wp\/v2\/pages\/61","targetHints":{"allow":["GET"]}}],"collection":[{"href":"https:\/\/www.bw-uelzen.de\/index.php?rest_route=\/wp\/v2\/pages"}],"about":[{"href":"https:\/\/www.bw-uelzen.de\/index.php?rest_route=\/wp\/v2\/types\/page"}],"author":[{"embeddable":true,"href":"https:\/\/www.bw-uelzen.de\/index.php?rest_route=\/wp\/v2\/users\/1"}],"replies":[{"embeddable":true,"href":"https:\/\/www.bw-uelzen.de\/index.php?rest_route=%2Fwp%2Fv2%2Fcomments&post=61"}],"version-history":[{"count":12,"href":"https:\/\/www.bw-uelzen.de\/index.php?rest_route=\/wp\/v2\/pages\/61\/revisions"}],"predecessor-version":[{"id":1331,"href":"https:\/\/www.bw-uelzen.de\/index.php?rest_route=\/wp\/v2\/pages\/61\/revisions\/1331"}],"wp:attachment":[{"href":"https:\/\/www.bw-uelzen.de\/index.php?rest_route=%2Fwp%2Fv2%2Fmedia&parent=61"}],"curies":[{"name":"wp","href":"https:\/\/api.w.org\/{rel}","templated":true}]}}