{"id":59,"date":"2021-05-16T13:19:17","date_gmt":"2021-05-16T11:19:17","guid":{"rendered":"https:\/\/tcbwuelzen.wordpress.com\/?page_id=59"},"modified":"2021-05-16T13:19:17","modified_gmt":"2021-05-16T11:19:17","slug":"multifunktionsplatz","status":"publish","type":"page","link":"https:\/\/www.bw-uelzen.de\/?page_id=59","title":{"rendered":"Multifunktionsplatz"},"content":{"rendered":"\n<p>Der Multifunktionsplatz ist ein gro\u00dfes Highlight auf der Tennisanlage des TC Blau-Wei\u00df Uelzen e.V. Die Anlage wurde am 12.07.2008 u.a. durch den damaligen B\u00fcrgermeister Otto Lukat er\u00f6ffnet.<\/p>\n\n\n\n<p>Der Multifunktionsplatz steht u. a. f\u00fcr folgende Sportarten zur Verf\u00fcgung:<\/p>\n\n\n\n<ul class=\"wp-block-list\"><li>Beach-Tennis<\/li><li>Beach-Soccer<\/li><li>Beach-Volleyball<\/li><li>Beach-Badminton<\/li><li>Speedminton<\/li><\/ul>\n","protected":false},"excerpt":{"rendered":"<p>Der Multifunktionsplatz ist ein gro\u00dfes Highlight auf der Tennisanlage des TC Blau-Wei\u00df Uelzen e.V. Die Anlage wurde am 12.07.2008 u.a. durch den damaligen B\u00fcrgermeister Otto Lukat er\u00f6ffnet. Der Multifunktionsplatz steht u. a. f\u00fcr folgende Sportarten zur Verf\u00fcgung: Beach-Tennis Beach-Soccer Beach-Volleyball Beach-Badminton Speedminton<\/p>\n","protected":false},"author":1,"featured_media":0,"parent":0,"menu_order":0,"comment_status":"closed","ping_status":"closed","template":"","meta":{"passster_activate_protection":false,"passster_protect_child_pages":"","passster_protection_type":"password","passster_password":"","passster_activate_overwrite_defaults":"","passster_headline":"","passster_instruction":"","passster_placeholder":"","passster_button":"","passster_id":"","passster_activate_misc_settings":"","passster_redirect_url":"","passster_hide":"no","passster_area_shortcode":"","_monsterinsights_skip_tracking":false,"_monsterinsights_sitenote_active":false,"_monsterinsights_sitenote_note":"","_monsterinsights_sitenote_category":0,"footnotes":""},"class_list":["post-59","page","type-page","status-publish","hentry"],"_links":{"self":[{"href":"https:\/\/www.bw-uelzen.de\/index.php?rest_route=\/wp\/v2\/pages\/59","targetHints":{"allow":["GET"]}}],"collection":[{"href":"https:\/\/www.bw-uelzen.de\/index.php?rest_route=\/wp\/v2\/pages"}],"about":[{"href":"https:\/\/www.bw-uelzen.de\/index.php?rest_route=\/wp\/v2\/types\/page"}],"author":[{"embeddable":true,"href":"https:\/\/www.bw-uelzen.de\/index.php?rest_route=\/wp\/v2\/users\/1"}],"replies":[{"embeddable":true,"href":"https:\/\/www.bw-uelzen.de\/index.php?rest_route=%2Fwp%2Fv2%2Fcomments&post=59"}],"version-history":[{"count":0,"href":"https:\/\/www.bw-uelzen.de\/index.php?rest_route=\/wp\/v2\/pages\/59\/revisions"}],"wp:attachment":[{"href":"https:\/\/www.bw-uelzen.de\/index.php?rest_route=%2Fwp%2Fv2%2Fmedia&parent=59"}],"curies":[{"name":"wp","href":"https:\/\/api.w.org\/{rel}","templated":true}]}}