{"id":464,"date":"2022-01-13T23:13:49","date_gmt":"2022-01-13T22:13:49","guid":{"rendered":"https:\/\/www.bw-uelzen.de\/?page_id=464"},"modified":"2023-03-20T13:35:07","modified_gmt":"2023-03-20T12:35:07","slug":"motion-on-court","status":"publish","type":"page","link":"https:\/\/www.bw-uelzen.de\/?page_id=464","title":{"rendered":"Motion on Court"},"content":{"rendered":"\n<figure class=\"wp-block-image size-large\"><img decoding=\"async\" src=\"https:\/\/www.bw-uelzen.de\/wp-content\/uploads\/2022\/01\/homepagebanner.jpg\" alt=\"\" class=\"wp-image-466\"\/><\/figure>\n\n\n\n<p>Im 10-w\u00f6chigen Kurs tust Du ordentlich was f\u00fcr Deine Gesundheit und Fitness. Du erh\u00e4ltst ein optimales Herz-Kreislauftraining, durch unterschiedliche tennisspezifische und allgemeine \u00dcbungen und Spielformen, in einer Gruppe mit<br>motivierender Musik. Cardio-Tennis und Pre-Hab Zirkeltraining im moderaten Pulsbereich,<br>Der Kurs ist nach \u00a720 SG IV von der  ZPP zertifiziert und wird von den Krankenkassen bezuschusst<br>F\u00fcr Abwechslung und Spa\u00df auf dem Tennisplatz ist also gesorgt und jeder kann mitmachen, auch ohne Erfahrung im Tennis.<br>Ausgezeichnet mit dem Siegel \u201eDeutscher Standard Pr\u00e4vention\u201c und &#8222;Sport pro Gesundheit&#8220;<br><strong>Ab Mai bis Juli immer Montags um19 Uhr auf Platz 4<\/strong><br>Kosten f\u00fcr 10 h standartisiertem Kursprogramm mit Teilnehmerskript\/-Aufgaben<br>Bescheinigung f\u00fcr Krankenkasse f\u00fcr das Bonusprogramm und f\u00fcr Bezuschussung<br><strong>nur 99 \u20ac<\/strong><br>Anmeldung per e-mail an moc@bw-uelzen.de  oder bei Mike unter 01713111480<\/p>\n\n\n\n<p>Hier ein Einblick vom MoC-Kurs im WInter:<\/p>\n\n\n\n<figure class=\"wp-block-video\"><video controls src=\"https:\/\/www.bw-uelzen.de\/wp-content\/uploads\/2023\/03\/MOC.mp4\"><\/video><\/figure>\n\n\n\n<div class=\"wp-block-image\"><figure class=\"aligncenter size-large\"><img fetchpriority=\"high\" decoding=\"async\" width=\"557\" height=\"821\" src=\"http:\/\/www.bw-uelzen.de\/wp-content\/uploads\/2023\/03\/MOC-Mike-BW.jpg\" alt=\"\" class=\"wp-image-636\" srcset=\"https:\/\/www.bw-uelzen.de\/wp-content\/uploads\/2023\/03\/MOC-Mike-BW.jpg 557w, https:\/\/www.bw-uelzen.de\/wp-content\/uploads\/2023\/03\/MOC-Mike-BW-204x300.jpg 204w\" sizes=\"(max-width: 557px) 100vw, 557px\" \/><\/figure><\/div>\n\n\n\n<div class=\"wp-block-image\"><figure class=\"aligncenter size-large\"><img decoding=\"async\" width=\"609\" height=\"476\" src=\"https:\/\/www.bw-uelzen.de\/wp-content\/uploads\/2022\/01\/banner2.jpg\" alt=\"\" class=\"wp-image-468\" srcset=\"https:\/\/www.bw-uelzen.de\/wp-content\/uploads\/2022\/01\/banner2.jpg 609w, https:\/\/www.bw-uelzen.de\/wp-content\/uploads\/2022\/01\/banner2-300x234.jpg 300w\" sizes=\"(max-width: 609px) 100vw, 609px\" \/><\/figure><\/div>\n\n\n\n<p><br><br><br><\/p>\n","protected":false},"excerpt":{"rendered":"<p>Im 10-w\u00f6chigen Kurs tust Du ordentlich was f\u00fcr Deine Gesundheit und Fitness. Du erh\u00e4ltst ein optimales Herz-Kreislauftraining, durch unterschiedliche tennisspezifische und allgemeine \u00dcbungen und Spielformen, in einer Gruppe mitmotivierender Musik. Cardio-Tennis und Pre-Hab Zirkeltraining im moderaten Pulsbereich,Der Kurs ist nach \u00a720 SG IV von der ZPP zertifiziert und wird von den Krankenkassen bezuschusstF\u00fcr Abwechslung und Spa\u00df auf dem Tennisplatz ist<\/p>\n","protected":false},"author":1,"featured_media":0,"parent":0,"menu_order":0,"comment_status":"closed","ping_status":"closed","template":"","meta":{"passster_activate_protection":null,"passster_protect_child_pages":"","passster_protection_type":"password","passster_password":"","passster_activate_overwrite_defaults":"","passster_headline":"","passster_instruction":"","passster_placeholder":"","passster_button":"","passster_id":"","passster_activate_misc_settings":"","passster_redirect_url":"","passster_hide":"no","passster_area_shortcode":"","_monsterinsights_skip_tracking":false,"_monsterinsights_sitenote_active":false,"_monsterinsights_sitenote_note":"","_monsterinsights_sitenote_category":0,"footnotes":""},"class_list":["post-464","page","type-page","status-publish","hentry"],"_links":{"self":[{"href":"https:\/\/www.bw-uelzen.de\/index.php?rest_route=\/wp\/v2\/pages\/464","targetHints":{"allow":["GET"]}}],"collection":[{"href":"https:\/\/www.bw-uelzen.de\/index.php?rest_route=\/wp\/v2\/pages"}],"about":[{"href":"https:\/\/www.bw-uelzen.de\/index.php?rest_route=\/wp\/v2\/types\/page"}],"author":[{"embeddable":true,"href":"https:\/\/www.bw-uelzen.de\/index.php?rest_route=\/wp\/v2\/users\/1"}],"replies":[{"embeddable":true,"href":"https:\/\/www.bw-uelzen.de\/index.php?rest_route=%2Fwp%2Fv2%2Fcomments&post=464"}],"version-history":[{"count":4,"href":"https:\/\/www.bw-uelzen.de\/index.php?rest_route=\/wp\/v2\/pages\/464\/revisions"}],"predecessor-version":[{"id":637,"href":"https:\/\/www.bw-uelzen.de\/index.php?rest_route=\/wp\/v2\/pages\/464\/revisions\/637"}],"wp:attachment":[{"href":"https:\/\/www.bw-uelzen.de\/index.php?rest_route=%2Fwp%2Fv2%2Fmedia&parent=464"}],"curies":[{"name":"wp","href":"https:\/\/api.w.org\/{rel}","templated":true}]}}