{"id":143,"date":"2021-05-16T15:38:11","date_gmt":"2021-05-16T13:38:11","guid":{"rendered":"https:\/\/tcbwuelzen.wordpress.com\/?page_id=143"},"modified":"2025-08-29T13:36:50","modified_gmt":"2025-08-29T11:36:50","slug":"beach-tennis-open","status":"publish","type":"page","link":"https:\/\/www.bw-uelzen.de\/?page_id=143","title":{"rendered":"Beach Tennis Open"},"content":{"rendered":"\n<figure class=\"wp-block-image size-full\"><img fetchpriority=\"high\" decoding=\"async\" width=\"720\" height=\"973\" src=\"https:\/\/www.bw-uelzen.de\/wp-content\/uploads\/2025\/08\/bto25.jpeg\" alt=\"\" class=\"wp-image-1350\" srcset=\"https:\/\/www.bw-uelzen.de\/wp-content\/uploads\/2025\/08\/bto25.jpeg 720w, https:\/\/www.bw-uelzen.de\/wp-content\/uploads\/2025\/08\/bto25-222x300.jpeg 222w\" sizes=\"(max-width: 720px) 100vw, 720px\" \/><\/figure>\n\n\n<div class=\"wp-block-image\">\n<figure class=\"aligncenter size-full is-resized\"><img decoding=\"async\" width=\"720\" height=\"983\" src=\"http:\/\/www.bw-uelzen.de\/wp-content\/uploads\/2024\/09\/WhatsApp-Image-2024-09-17-at-10.46.40.jpeg\" alt=\"\" class=\"wp-image-1241\" style=\"aspect-ratio:1;width:762px;height:auto\" srcset=\"https:\/\/www.bw-uelzen.de\/wp-content\/uploads\/2024\/09\/WhatsApp-Image-2024-09-17-at-10.46.40.jpeg 720w, https:\/\/www.bw-uelzen.de\/wp-content\/uploads\/2024\/09\/WhatsApp-Image-2024-09-17-at-10.46.40-220x300.jpeg 220w\" sizes=\"(max-width: 720px) 100vw, 720px\" \/><\/figure><\/div>\n\n\n<hr class=\"wp-block-separator has-alpha-channel-opacity\"\/>\n\n\n\n<figure class=\"wp-block-image size-large is-resized\"><img decoding=\"async\" width=\"633\" height=\"778\" src=\"https:\/\/www.bw-uelzen.de\/wp-content\/uploads\/2023\/08\/UTO23.jpg\" alt=\"\" class=\"wp-image-763\" style=\"aspect-ratio:0.8132820019249278;width:847px;height:auto\" srcset=\"https:\/\/www.bw-uelzen.de\/wp-content\/uploads\/2023\/08\/UTO23.jpg 633w, https:\/\/www.bw-uelzen.de\/wp-content\/uploads\/2023\/08\/UTO23-244x300.jpg 244w\" sizes=\"(max-width: 633px) 100vw, 633px\" \/><\/figure>\n\n\n\n<div class=\"wp-block-file\"><a href=\"https:\/\/www.bw-uelzen.de\/wp-content\/uploads\/2023\/08\/Beachtennis-2023-1.pdf\">Beachtennis-2023-1<\/a><a href=\"https:\/\/www.bw-uelzen.de\/wp-content\/uploads\/2023\/08\/Beachtennis-2023-1.pdf\" class=\"wp-block-file__button wp-element-button\" download>Herunterladen<\/a><\/div>\n\n\n\n<p><\/p>\n\n\n\n<hr class=\"wp-block-separator has-css-opacity\"\/>\n\n\n\n<figure class=\"wp-block-image size-large is-resized\"><img loading=\"lazy\" decoding=\"async\" width=\"513\" height=\"702\" src=\"https:\/\/www.bw-uelzen.de\/wp-content\/uploads\/2022\/07\/bto2022.jpg\" alt=\"\" class=\"wp-image-540\" style=\"width:838px;height:1147px\" srcset=\"https:\/\/www.bw-uelzen.de\/wp-content\/uploads\/2022\/07\/bto2022.jpg 513w, https:\/\/www.bw-uelzen.de\/wp-content\/uploads\/2022\/07\/bto2022-219x300.jpg 219w\" sizes=\"(max-width: 513px) 100vw, 513px\" \/><\/figure>\n\n\n\n<p>Alexia Rotescu und Mike Mathis gewinnen Doppel &amp; Mixed<\/p>\n\n\n\n<p>Bei den Damen konnte keine Paarung alle Spiele gewinnen. So entschied das bessere Spielverh\u00e4ltnis und Alex Rotescu (BW Uelzen)\/Marie Perlick (BW Uelzen) sicherten sich vor den Holdenstedterinnen Charlotte Hinz und Talea M\u00fcller den Turniersieg.<\/p>\n\n\n\n<p>Bei den Herren dominierten Mike Mathis\/Olaf Lienkamp (beide TC BW Uelzen) das Feld und verwiesen die Youngsters Matti Klabund\/Hannes Cohrs (SV Holdenstedt) auf Platz 2.<\/p>\n\n\n\n<p>Im Mixed sah man bekannte Gesichter wieder auf dem Siegertreppchen: Turniersieger wurde Alexia Rotescu mit Mike Mathis (beide BW Uelzen) vor Charlotte Hinz mit Hannes Cohrs (SV Holdenstedt).<\/p>\n\n\n\n<hr class=\"wp-block-separator has-css-opacity\"\/>\n\n\n\n<p>2021:<br><strong>Ergebnisse 9.Beach Open:<\/strong><\/p>\n\n\n\n<div class=\"wp-block-file\"><a href=\"https:\/\/www.bw-uelzen.de\/wp-content\/uploads\/2021\/08\/Siegerliszte21.pdf\">Siegerliszte21<\/a><a href=\"https:\/\/www.bw-uelzen.de\/wp-content\/uploads\/2021\/08\/Siegerliszte21.pdf\" class=\"wp-block-file__button wp-element-button\" download>Herunterladen<\/a><\/div>\n\n\n\n<hr class=\"wp-block-separator has-css-opacity\"\/>\n\n\n\n<p>2020:<br>Coronabedingter Ausfall<\/p>\n\n\n\n<hr class=\"wp-block-separator has-css-opacity\"\/>\n\n\n\n<p>2019:<br><strong>8. Beach-Tennis Uelzen Open beim TC Blau-Wei\u00df<br>Br\u00fcder Licht mit goldenem Ball zum Turniersieg<\/strong><\/p>\n\n\n\n<figure class=\"wp-block-image size-large\"><img decoding=\"async\" src=\"http:\/\/www.bw-uelzen.de\/wp-content\/uploads\/2021\/05\/bto2019.jpg?w=800\" alt=\"\" class=\"wp-image-145\"\/><\/figure>\n\n\n\n<p><br>Strahlende Gesichter bei den Teilnehmern und den Veranstaltern, das ist das Fazit nach den 8. \u201eBeach-Tennis Uelzen Open\u201c am vergangenen Wochenende beim TC BW Uelzen. Perfektes Beach-Tennis Wetter und gut besetzte Teilnehmerfelder bildeten daf\u00fcr die idealen Voraussetzungen.&nbsp;<br>Neben den Teilnehmern vom Ausrichter trafen sich mehrere Paarungen aus Lauenbr\u00fcck, Hatten-Sandkrug, Falkenberg und einzelne Meldungen aus Vereinen der Region auf den beiden Beachfeldern.&nbsp; Jedem Teilnehmer war wieder ein &nbsp;\u201eBeach-Tennis Uelzen Open\u201c T-Shirt und ein ausgiebiges Fr\u00fchst\u00fcck am Sonntag garantiert.<br>Die knapp 40 Meldungen spielten den Beach-Tennis-Meister in den Konkurrenzen Damen-Doppel, Herren-Doppel, Herren Doppel \u00fcber 40 und Mixed aus.<br><br>Bei bestem Beach-Tennis-Wetter spielten die Paarungen 3-4 Spiele \u00e0 12 Minuten als Gruppenspiele aus.&nbsp; Aus dieser Vorrunde ergaben sich dann die Endgruppen f\u00fcr den Sonntag, an dem alle Spieler wieder ran durften und die Platzierungen ausspielten.<br><br><strong>Die Sieger und Podestpl\u00e4tze:&nbsp;<\/strong><br><br>Damen-Doppel:<br>1. Susanne Neben \/ Katharina Neben (TC BW Uelzen)<br>2. Nina Fromhagen \/ &nbsp;Jessica Hilmer (Mixbecher Volleyball)<br>3. Kim Grobecker \/ Anastasia Gajbach (Mixbecher Volleyball)<br><br>Herren-Doppel:<br>1. Maxi Licht \/ Laurenz Licht (TC BW Uelzen)<br>2. Jonas B\u00f6ttcher \/ Jan Regenbogen (TUS Neetze)<br>3. Alexander Turban \/ Jannik Richter (TC Falkenberg)<br><br>Herren Doppel &gt;40<br>1. Bernhard Gr\u00f6ger \/ Gerd Waldmann (TC BW Uelzen)<br>2. J\u00f6rg Treffurth \/ Ralf Munstermann (TC BW Uelzen)<br>3. Volker Peschke \/ Peter Heik (TSG Hatten-Sandkrug)<br><br>Mixed:<br>1. Gesa Ernst \/ Katharina Neben \/ Micheal Worthmann (Tus Eschede\/BW Uelzen\/TC Lauenbr\u00fcck)<br>2. Nina Fromhagen \/ Markus Berger (Mixbecher Volleyball \/ TC Lauenbr\u00fcck)<br>3. Sabine Neben \/ Heick (TC BW Uelzen \/ TSG Hatten-Sandkrug)<\/p>\n\n\n\n<p><\/p>\n","protected":false},"excerpt":{"rendered":"<p>Alexia Rotescu und Mike Mathis gewinnen Doppel &amp; Mixed Bei den Damen konnte keine Paarung alle Spiele gewinnen. So entschied das bessere Spielverh\u00e4ltnis und Alex Rotescu (BW Uelzen)\/Marie Perlick (BW Uelzen) sicherten sich vor den Holdenstedterinnen Charlotte Hinz und Talea M\u00fcller den Turniersieg. Bei den Herren dominierten Mike Mathis\/Olaf Lienkamp (beide TC BW Uelzen) das Feld und verwiesen die Youngsters<\/p>\n","protected":false},"author":1,"featured_media":0,"parent":0,"menu_order":0,"comment_status":"closed","ping_status":"closed","template":"","meta":{"passster_activate_protection":false,"passster_protect_child_pages":"","passster_protection_type":"password","passster_password":"","passster_activate_overwrite_defaults":"","passster_headline":"","passster_instruction":"","passster_placeholder":"","passster_button":"","passster_id":"","passster_activate_misc_settings":"","passster_redirect_url":"","passster_hide":"no","passster_area_shortcode":"","_monsterinsights_skip_tracking":false,"_monsterinsights_sitenote_active":false,"_monsterinsights_sitenote_note":"","_monsterinsights_sitenote_category":0,"footnotes":""},"class_list":["post-143","page","type-page","status-publish","hentry"],"_links":{"self":[{"href":"https:\/\/www.bw-uelzen.de\/index.php?rest_route=\/wp\/v2\/pages\/143","targetHints":{"allow":["GET"]}}],"collection":[{"href":"https:\/\/www.bw-uelzen.de\/index.php?rest_route=\/wp\/v2\/pages"}],"about":[{"href":"https:\/\/www.bw-uelzen.de\/index.php?rest_route=\/wp\/v2\/types\/page"}],"author":[{"embeddable":true,"href":"https:\/\/www.bw-uelzen.de\/index.php?rest_route=\/wp\/v2\/users\/1"}],"replies":[{"embeddable":true,"href":"https:\/\/www.bw-uelzen.de\/index.php?rest_route=%2Fwp%2Fv2%2Fcomments&post=143"}],"version-history":[{"count":16,"href":"https:\/\/www.bw-uelzen.de\/index.php?rest_route=\/wp\/v2\/pages\/143\/revisions"}],"predecessor-version":[{"id":1351,"href":"https:\/\/www.bw-uelzen.de\/index.php?rest_route=\/wp\/v2\/pages\/143\/revisions\/1351"}],"wp:attachment":[{"href":"https:\/\/www.bw-uelzen.de\/index.php?rest_route=%2Fwp%2Fv2%2Fmedia&parent=143"}],"curies":[{"name":"wp","href":"https:\/\/api.w.org\/{rel}","templated":true}]}}