{"id":119,"date":"2021-05-16T14:53:59","date_gmt":"2021-05-16T12:53:59","guid":{"rendered":"https:\/\/tcbwuelzen.wordpress.com\/?page_id=119"},"modified":"2025-05-03T10:16:01","modified_gmt":"2025-05-03T08:16:01","slug":"training","status":"publish","type":"page","link":"https:\/\/www.bw-uelzen.de\/?page_id=119","title":{"rendered":"Jugendtraining"},"content":{"rendered":"\n<figure class=\"wp-block-image size-large\"><img decoding=\"async\" src=\"http:\/\/www.bw-uelzen.de\/wp-content\/uploads\/2021\/05\/training1.jpg?w=596\" alt=\"\" class=\"wp-image-122\"\/><\/figure>\n\n\n\n<p>Das Jugendtraining findet in der Sommersaison (Mai-September) auf den Pl\u00e4tzen 3 und 4 statt.<br>In der Wintersaison (Oktober-April) trainieren wir in der benachbarten Tennishalle von Sport-Burmester auf den Pl\u00e4tzen 3 und 4.<br>Trainingszeiten<br>Mo von 14&nbsp;&#8211; 19 Uhr<br>Di von 14 &#8211; 19 Uhr<br>Mi von 14-19 Uhr<br>Freitags 14-19 Uhr<\/p>\n\n\n\n<p>Wer mal Schnuppern m\u00f6chte, meldet sich bitte bei Mike Dressel (Mail: mike@bw-uelzen.de) .<br>Jugendliche k\u00f6nnen 3 mal kostenlos schnuppern .<\/p>\n\n\n\n<p>Begonnen werden kann mit 3\/4 Jahren in der Ball- und Bewegungsschule.<br>Daraus folgt ein flie\u00dfender \u00dcbergang in das Kleinfeld mit Methodikb\u00e4llen.<br>Die n\u00e4chste Station ist dann der Midcourt, ein leicht verkleinerter normaler Platz, bis es denn je nach Alter und Spielst\u00e4rke in das Gro\u00dffeld geht.<\/p>\n\n\n\n<p>Neben Tennistechnik und Taktik bedarf es au\u00dferdem eines&nbsp;Erg\u00e4nzungstrainings, welches von K\u00f6rperstabilit\u00e4tstraining bis hin zum Athelitktraining reicht.<\/p>\n\n\n\n<p><br><strong>Preise<\/strong>:<br><br><strong>Sommersaison (Mai &#8211; September)<\/strong><br>ca. 130 \u20ac&nbsp; pro Saison f\u00fcr 1h &nbsp;Training pro Woche<br>ca.&nbsp; &nbsp;75 \u20ac&nbsp; pro Saison f\u00fcr 1h J\u00fcngste im Kleinfeld<br>ca.&nbsp; &nbsp;50 \u20ac&nbsp; pro Saison f\u00fcr 1h Ballschule (3-5\/6 Jahre)<\/p>\n\n\n\n<p><strong>Wintersaison (Oktober bis April)<\/strong><br>ca. 340 \u20ac\u00a0pro Saison f\u00fcr 1h Training<br>ca. 250 \u20ac pro Saison f\u00fcr 1h J\u00fcngste im Kleinfeld<br>ca. 105 \u20ac pro Saison f\u00fcr 1h Ballschule (3-5\/6 Jahre)<\/p>\n","protected":false},"excerpt":{"rendered":"<p>Das Jugendtraining findet in der Sommersaison (Mai-September) auf den Pl\u00e4tzen 3 und 4 statt.In der Wintersaison (Oktober-April) trainieren wir in der benachbarten Tennishalle von Sport-Burmester auf den Pl\u00e4tzen 3 und 4.TrainingszeitenMo von 14&nbsp;&#8211; 19 UhrDi von 14 &#8211; 19 UhrMi von 14-19 UhrFreitags 14-19 Uhr Wer mal Schnuppern m\u00f6chte, meldet sich bitte bei Mike Dressel (Mail: mike@bw-uelzen.de) .Jugendliche k\u00f6nnen 3<\/p>\n","protected":false},"author":1,"featured_media":0,"parent":0,"menu_order":0,"comment_status":"closed","ping_status":"closed","template":"","meta":{"passster_activate_protection":null,"passster_protect_child_pages":"","passster_protection_type":"password","passster_password":"","passster_activate_overwrite_defaults":"","passster_headline":"","passster_instruction":"","passster_placeholder":"","passster_button":"","passster_id":"","passster_activate_misc_settings":"","passster_redirect_url":"","passster_hide":"no","passster_area_shortcode":"","_monsterinsights_skip_tracking":false,"_monsterinsights_sitenote_active":false,"_monsterinsights_sitenote_note":"","_monsterinsights_sitenote_category":0,"footnotes":""},"class_list":["post-119","page","type-page","status-publish","hentry"],"_links":{"self":[{"href":"https:\/\/www.bw-uelzen.de\/index.php?rest_route=\/wp\/v2\/pages\/119","targetHints":{"allow":["GET"]}}],"collection":[{"href":"https:\/\/www.bw-uelzen.de\/index.php?rest_route=\/wp\/v2\/pages"}],"about":[{"href":"https:\/\/www.bw-uelzen.de\/index.php?rest_route=\/wp\/v2\/types\/page"}],"author":[{"embeddable":true,"href":"https:\/\/www.bw-uelzen.de\/index.php?rest_route=\/wp\/v2\/users\/1"}],"replies":[{"embeddable":true,"href":"https:\/\/www.bw-uelzen.de\/index.php?rest_route=%2Fwp%2Fv2%2Fcomments&post=119"}],"version-history":[{"count":17,"href":"https:\/\/www.bw-uelzen.de\/index.php?rest_route=\/wp\/v2\/pages\/119\/revisions"}],"predecessor-version":[{"id":1334,"href":"https:\/\/www.bw-uelzen.de\/index.php?rest_route=\/wp\/v2\/pages\/119\/revisions\/1334"}],"wp:attachment":[{"href":"https:\/\/www.bw-uelzen.de\/index.php?rest_route=%2Fwp%2Fv2%2Fmedia&parent=119"}],"curies":[{"name":"wp","href":"https:\/\/api.w.org\/{rel}","templated":true}]}}