{"id":1148,"date":"2024-08-05T21:25:55","date_gmt":"2024-08-05T19:25:55","guid":{"rendered":"https:\/\/www.bw-uelzen.de\/?page_id=1148"},"modified":"2024-08-06T15:06:00","modified_gmt":"2024-08-06T13:06:00","slug":"festakt-mit-buffet","status":"publish","type":"page","link":"https:\/\/www.bw-uelzen.de\/?page_id=1148","title":{"rendered":"Festakt mit Buffet"},"content":{"rendered":"\n<div class=\"wp-block-group is-nowrap is-layout-flex wp-container-core-group-is-layout-4 wp-block-group-is-layout-flex\">\n<div class=\"wp-block-columns is-layout-flex wp-container-core-columns-is-layout-1 wp-block-columns-is-layout-flex\">\n<div class=\"wp-block-column is-vertically-aligned-top is-layout-flow wp-block-column-is-layout-flow\" style=\"flex-basis:50%\">\n<div class=\"wp-block-group\"><div class=\"wp-block-group__inner-container is-layout-constrained wp-block-group-is-layout-constrained\">\n<div class=\"wp-block-group\"><div class=\"wp-block-group__inner-container is-layout-constrained wp-block-group-is-layout-constrained\">\n<p>Liebe Vereinsmitglieder, liebe Ehemaligen, verehrte G\u00e4ste,<\/p>\n\n\n\n<div class=\"wp-block-group\"><div class=\"wp-block-group__inner-container is-layout-constrained wp-block-group-is-layout-constrained\">\n<p>im Rahmen unserer 100-Jahr-Feier am <strong>08.09.2024<\/strong> m\u00f6chten wir euch herzlich zu einem besonderen Festakt einladen. An diesem Tag m\u00f6chten wir gemeinsam mit euch unser Jubil\u00e4um feiern und unseren Dank an alle Mitglieder, Freunde des Vereins, Sponsoren und F\u00f6rderer des Tennissports aussprechen<\/p>\n\n\n\n<p>Um diesen besonderen Anlass geb\u00fchrend zu feiern, haben wir ein wundervolles Buffet vom <strong>Niedersachsen Krog aus Gr. Liedern<\/strong> organisiert. Dieses exquisite Buffet soll unserem Jubil\u00e4um einen festlichen kulinarischen Rahmen verleihen und ein herzliches Dankesch\u00f6n an alle Unterst\u00fctzer und Freunde unseres Vereins sein.<\/p>\n\n\n\n<p>Nachfolgend findet ihr den <a href=\"https:\/\/www.bw-uelzen.de\/wp-content\/uploads\/2024\/08\/Menue-Plan-3.png\" data-type=\"attachment\" data-id=\"1142\">Men\u00fcplan<\/a> f\u00fcr unser Jubil\u00e4umsbuffet. Dank der gro\u00dfz\u00fcgigen Unterst\u00fctzung unserer Sponsoren k\u00f6nnen wir dieses umfangreiche Men\u00fc zu einem Preis von <strong>17,50 \u20ac pro Person<\/strong> anbieten.<\/p>\n\n\n\n<p>Wir bitten um eine <strong>verbindliche Reservierung bis zum 31.08.2024<\/strong> unter der Emailanschrift <a href=\"mailto:andreas@bw-uelzen.de\">andreas@bw-uelzen.de<\/a>. Eine kostenlose Stornierung ist nach diesem Datum leider nicht mehr m\u00f6glich.<\/p>\n\n\n\n<p>Nat\u00fcrlich k\u00f6nnt ihr auch am Festakt teilnehmen, ohne das Buffet zu buchen. Wir hoffen auf zahlreiche Anmeldungen und ein unvergessliches Jubil\u00e4umsfest!<\/p>\n\n\n\n<p>Mit herzlichen Gr\u00fc\u00dfen,<\/p>\n\n\n\n<p>Euer TC Blau-Wei\u00df Uelzen<\/p>\n<\/div><\/div>\n<\/div><\/div>\n<\/div><\/div>\n<\/div>\n\n\n\n<div class=\"wp-block-column is-layout-flow wp-block-column-is-layout-flow\" style=\"flex-basis:50%\">\n<figure class=\"wp-block-image size-large\"><img decoding=\"async\" src=\"https:\/\/www.bw-uelzen.de\/wp-content\/uploads\/2024\/08\/Menue-Plan-4-663x1024.png\" alt=\"\" class=\"wp-image-1149\"\/><\/figure>\n<\/div>\n<\/div>\n<\/div>\n","protected":false},"excerpt":{"rendered":"<p>Liebe Vereinsmitglieder, liebe Ehemaligen, verehrte G\u00e4ste, im Rahmen unserer 100-Jahr-Feier am 08.09.2024 m\u00f6chten wir euch herzlich zu einem besonderen Festakt einladen. An diesem Tag m\u00f6chten wir gemeinsam mit euch unser Jubil\u00e4um feiern und unseren Dank an alle Mitglieder, Freunde des Vereins, Sponsoren und F\u00f6rderer des Tennissports aussprechen Um diesen besonderen Anlass geb\u00fchrend zu feiern, haben wir ein wundervolles Buffet vom<\/p>\n","protected":false},"author":5,"featured_media":0,"parent":935,"menu_order":0,"comment_status":"closed","ping_status":"closed","template":"","meta":{"passster_activate_protection":false,"passster_protect_child_pages":"","passster_protection_type":"","passster_password":"","passster_activate_overwrite_defaults":"","passster_headline":"","passster_instruction":"","passster_placeholder":"","passster_button":"","passster_id":"","passster_activate_misc_settings":"","passster_redirect_url":"","passster_hide":"","passster_area_shortcode":"","_monsterinsights_skip_tracking":false,"_monsterinsights_sitenote_active":false,"_monsterinsights_sitenote_note":"","_monsterinsights_sitenote_category":0,"footnotes":""},"class_list":["post-1148","page","type-page","status-publish","hentry"],"_links":{"self":[{"href":"https:\/\/www.bw-uelzen.de\/index.php?rest_route=\/wp\/v2\/pages\/1148","targetHints":{"allow":["GET"]}}],"collection":[{"href":"https:\/\/www.bw-uelzen.de\/index.php?rest_route=\/wp\/v2\/pages"}],"about":[{"href":"https:\/\/www.bw-uelzen.de\/index.php?rest_route=\/wp\/v2\/types\/page"}],"author":[{"embeddable":true,"href":"https:\/\/www.bw-uelzen.de\/index.php?rest_route=\/wp\/v2\/users\/5"}],"replies":[{"embeddable":true,"href":"https:\/\/www.bw-uelzen.de\/index.php?rest_route=%2Fwp%2Fv2%2Fcomments&post=1148"}],"version-history":[{"count":3,"href":"https:\/\/www.bw-uelzen.de\/index.php?rest_route=\/wp\/v2\/pages\/1148\/revisions"}],"predecessor-version":[{"id":1202,"href":"https:\/\/www.bw-uelzen.de\/index.php?rest_route=\/wp\/v2\/pages\/1148\/revisions\/1202"}],"up":[{"embeddable":true,"href":"https:\/\/www.bw-uelzen.de\/index.php?rest_route=\/wp\/v2\/pages\/935"}],"wp:attachment":[{"href":"https:\/\/www.bw-uelzen.de\/index.php?rest_route=%2Fwp%2Fv2%2Fmedia&parent=1148"}],"curies":[{"name":"wp","href":"https:\/\/api.w.org\/{rel}","templated":true}]}}