{"id":109,"date":"2021-05-16T14:31:59","date_gmt":"2021-05-16T12:31:59","guid":{"rendered":"https:\/\/tcbwuelzen.wordpress.com\/?page_id=109"},"modified":"2021-05-16T14:31:59","modified_gmt":"2021-05-16T12:31:59","slug":"newsletter","status":"publish","type":"page","link":"https:\/\/www.bw-uelzen.de\/?page_id=109","title":{"rendered":"Newsletter"},"content":{"rendered":"\n<h3 class=\"wp-block-heading\">Anmeldung Newsletter<\/h3>\n\n\n\n<p>Anmeldung f\u00fcr den Newsletter:<br>E-mail an tcbwuelzen@gmail.com mit gew\u00fcnschter e-mail-Empf\u00e4ngeradresse und Wort &#8222;Anmeldung&#8220;<\/p>\n\n\n\n<h3 class=\"wp-block-heading\">Abmeldung vom Newsletter<\/h3>\n\n\n\n<p>Zur Abmeldung bitte einfach e-mail an tcbwuelzen@gmail.com mit E-mailadresse und Vermerk &#8222;Storno&#8220;<\/p>\n","protected":false},"excerpt":{"rendered":"<p>Anmeldung Newsletter Anmeldung f\u00fcr den Newsletter:E-mail an tcbwuelzen@gmail.com mit gew\u00fcnschter e-mail-Empf\u00e4ngeradresse und Wort &#8222;Anmeldung&#8220; Abmeldung vom Newsletter Zur Abmeldung bitte einfach e-mail an tcbwuelzen@gmail.com mit E-mailadresse und Vermerk &#8222;Storno&#8220;<\/p>\n","protected":false},"author":1,"featured_media":0,"parent":0,"menu_order":0,"comment_status":"closed","ping_status":"closed","template":"","meta":{"passster_activate_protection":false,"passster_protect_child_pages":"","passster_protection_type":"password","passster_password":"","passster_activate_overwrite_defaults":"","passster_headline":"","passster_instruction":"","passster_placeholder":"","passster_button":"","passster_id":"","passster_activate_misc_settings":"","passster_redirect_url":"","passster_hide":"no","passster_area_shortcode":"","_monsterinsights_skip_tracking":false,"_monsterinsights_sitenote_active":false,"_monsterinsights_sitenote_note":"","_monsterinsights_sitenote_category":0,"footnotes":""},"class_list":["post-109","page","type-page","status-publish","hentry"],"_links":{"self":[{"href":"https:\/\/www.bw-uelzen.de\/index.php?rest_route=\/wp\/v2\/pages\/109","targetHints":{"allow":["GET"]}}],"collection":[{"href":"https:\/\/www.bw-uelzen.de\/index.php?rest_route=\/wp\/v2\/pages"}],"about":[{"href":"https:\/\/www.bw-uelzen.de\/index.php?rest_route=\/wp\/v2\/types\/page"}],"author":[{"embeddable":true,"href":"https:\/\/www.bw-uelzen.de\/index.php?rest_route=\/wp\/v2\/users\/1"}],"replies":[{"embeddable":true,"href":"https:\/\/www.bw-uelzen.de\/index.php?rest_route=%2Fwp%2Fv2%2Fcomments&post=109"}],"version-history":[{"count":0,"href":"https:\/\/www.bw-uelzen.de\/index.php?rest_route=\/wp\/v2\/pages\/109\/revisions"}],"wp:attachment":[{"href":"https:\/\/www.bw-uelzen.de\/index.php?rest_route=%2Fwp%2Fv2%2Fmedia&parent=109"}],"curies":[{"name":"wp","href":"https:\/\/api.w.org\/{rel}","templated":true}]}}